{"id":1634,"date":"2022-01-16T10:37:54","date_gmt":"2022-01-16T10:37:54","guid":{"rendered":"https:\/\/tplabs.co\/qondri\/?page_id=1634"},"modified":"2024-08-21T03:22:19","modified_gmt":"2024-08-21T03:22:19","slug":"our-services","status":"publish","type":"page","link":"https:\/\/cleaningservicesgg.com\/es\/our-services\/","title":{"rendered":"Nuestros Servicios"},"content":{"rendered":"<div data-elementor-type=\"wp-page\" data-elementor-id=\"1634\" class=\"elementor elementor-1634\">\n\t\t\t\t\t\t<section class=\"elementor-section elementor-top-section elementor-element elementor-element-ec46853 elementor-section-stretched elementor-section-boxed elementor-section-height-default elementor-section-height-default\" data-id=\"ec46853\" data-element_type=\"section\" data-settings=\"{&quot;stretch_section&quot;:&quot;section-stretched&quot;,&quot;background_background&quot;:&quot;classic&quot;}\">\n\t\t\t\t\t\t<div class=\"elementor-container elementor-column-gap-default\">\n\t\t\t\t\t<div class=\"elementor-column elementor-col-100 elementor-top-column elementor-element elementor-element-e189ee6\" data-id=\"e189ee6\" data-element_type=\"column\">\n\t\t\t<div class=\"elementor-widget-wrap elementor-element-populated\">\n\t\t\t\t\t\t<div class=\"elementor-element elementor-element-89d8870 elementor-view-default elementor-widget elementor-widget-icon\" data-id=\"89d8870\" data-element_type=\"widget\" data-widget_type=\"icon.default\">\n\t\t\t\t<div class=\"elementor-widget-container\">\n\t\t\t\t\t<div class=\"elementor-icon-wrapper\">\n\t\t\t<div class=\"elementor-icon\">\n\t\t\t<svg xmlns=\"http:\/\/www.w3.org\/2000\/svg\" xmlns:xlink=\"http:\/\/www.w3.org\/1999\/xlink\" x=\"0px\" y=\"0px\" viewbox=\"0 0 285 285\" style=\"enable-background:new 0 0 285 285;\" xml:space=\"preserve\"><path d=\"M189.8,171.6c0,4.1-3.4,7.5-7.5,7.5c-4.1,0-7.5-3.4-7.5-7.5c0-4.1,3.4-7.5,7.5-7.5C186.4,164.1,189.8,167.4,189.8,171.6 L189.8,171.6z M189.8,171.6\"><\/path><path d=\"M202.3,165.1c2.1,3.6,6.7,4.7,10.3,2.6c19.6-11.6,42.1-17.8,65-17.8c4.1,0,7.5-3.4,7.5-7.5s-3.4-7.5-7.5-7.5 C207.2,135,150,77.8,150,7.5c0-4.1-3.4-7.5-7.5-7.5c-4.1,0-7.5,3.4-7.5,7.5C135,77.8,77.8,135,7.5,135c-4.1,0-7.5,3.4-7.5,7.5 s3.4,7.5,7.5,7.5C77.8,150,135,207.2,135,277.5c0,4.1,3.4,7.5,7.5,7.5c4.1,0,7.5-3.4,7.5-7.5c0-22.9,6.1-45.4,17.8-65 c2.1-3.6,0.9-8.2-2.6-10.3c-3.6-2.1-8.2-0.9-10.3,2.6c-5.1,8.6-9.2,17.6-12.4,26.9c-14.2-41.9-47.4-75.1-89.3-89.3 c41.9-14.2,75.1-47.4,89.3-89.3c14.2,41.9,47.4,75.1,89.3,89.3c-9.4,3.2-18.4,7.3-26.9,12.4C201.3,157,200.1,161.6,202.3,165.1 L202.3,165.1z M202.3,165.1\"><\/path><\/svg>\t\t\t<\/div>\n\t\t<\/div>\n\t\t\t\t<\/div>\n\t\t\t\t<\/div>\n\t\t\t\t<div class=\"elementor-element elementor-element-aaf0c18 heading-default align-center elementor-widget elementor-widget-mae-headings\" data-id=\"aaf0c18\" data-element_type=\"widget\" data-widget_type=\"mae-headings.default\">\n\t\t\t\t<div class=\"elementor-widget-container\">\n\t\t\t\t\t<div class=\"master-heading sep-none\">\n\t\t\t\t        \t        \t<div class=\"pre-heading\"><span class=\"line\"><span class=\"inner\"><\/span><\/span>Lo Que Ofrecemos<\/div>\n\t        \n\t        \n\t        \t        <h2 class=\"main-heading\">Nuestros Servicios<\/h2>\n\t        \n\t        \n\t        \t    <\/div>\n\t    \t\t<\/div>\n\t\t\t\t<\/div>\n\t\t\t\t\t<\/div>\n\t\t<\/div>\n\t\t\t\t\t<\/div>\n\t\t<\/section>\n\t\t\t\t<section class=\"elementor-section elementor-top-section elementor-element elementor-element-5dbcbc3 elementor-section-boxed elementor-section-height-default elementor-section-height-default\" data-id=\"5dbcbc3\" data-element_type=\"section\">\n\t\t\t\t\t\t<div class=\"elementor-container elementor-column-gap-default\">\n\t\t\t\t\t<div class=\"elementor-column elementor-col-33 elementor-top-column elementor-element elementor-element-fa47529\" data-id=\"fa47529\" data-element_type=\"column\">\n\t\t\t<div class=\"elementor-widget-wrap elementor-element-populated\">\n\t\t\t\t\t\t<div class=\"elementor-element elementor-element-33c0272 align-center button-full-width image-box-style-1 elementor-invisible elementor-widget elementor-widget-mae-image-box\" data-id=\"33c0272\" data-element_type=\"widget\" data-settings=\"{&quot;_animation&quot;:&quot;fadeInUpSmall&quot;,&quot;_animation_delay&quot;:350}\" data-widget_type=\"mae-image-box.default\">\n\t\t\t\t<div class=\"elementor-widget-container\">\n\t\t\t        <div class=\"master-image-box\">\n            <div class=\"thumb-wrap\">\n                <div class=\"thumb\"><div class=\"inner\"><img fetchpriority=\"high\" decoding=\"async\" width=\"370\" height=\"287\" src=\"https:\/\/cleaningservicesgg.com\/wp-content\/uploads\/2024\/08\/Diseno-sin-titulo-2024-08-20T181829.048.png\" class=\"attachment-full size-full\" alt=\"\" srcset=\"https:\/\/cleaningservicesgg.com\/wp-content\/uploads\/2024\/08\/Diseno-sin-titulo-2024-08-20T181829.048.png 370w, https:\/\/cleaningservicesgg.com\/wp-content\/uploads\/2024\/08\/Diseno-sin-titulo-2024-08-20T181829.048-300x233.png 300w\" sizes=\"(max-width: 370px) 100vw, 370px\" \/><\/div><\/div>                <div class=\"icon-wrap\"><div class=\"master-icon\"><i class=\"lcs lcs-curtain\"><\/i><\/div><\/div>            <\/div>\n\n            <div class=\"content-wrap\">\n                <h3 class=\"headline-2\">Limpieza Residencial<\/h3><div class=\"desc\"><p>Limpieza experta para casas, apartamentos y condominios para mantener su espacio fresco e impecable.<\/p><\/div>            <div class=\"url-wrap\">\n                <a class=\"master-button small btn-accent icon-right\" href=\"https:\/\/cleaningservicesgg.com\/es\/residential-cleaning\/\" >\n                    <span class=\"inner\">\n                        <span class=\"content-base\">\n                                                        <span class=\"text\">Leer M\u00e1s Info<\/span>\n                            <span class=\"icon ci ci-right-arrow\"><\/span>                        <\/span>\n                    <\/span>\n\n                    <span class=\"bg-hover\"><\/span>                <\/a>\n            <\/div>\n\n                        <\/div>\n        <\/div>\n\n        \t\t<\/div>\n\t\t\t\t<\/div>\n\t\t\t\t\t<\/div>\n\t\t<\/div>\n\t\t\t\t<div class=\"elementor-column elementor-col-33 elementor-top-column elementor-element elementor-element-c25b501\" data-id=\"c25b501\" data-element_type=\"column\">\n\t\t\t<div class=\"elementor-widget-wrap elementor-element-populated\">\n\t\t\t\t\t\t<div class=\"elementor-element elementor-element-d8fa4e5 align-center button-full-width image-box-style-1 elementor-invisible elementor-widget elementor-widget-mae-image-box\" data-id=\"d8fa4e5\" data-element_type=\"widget\" data-settings=\"{&quot;_animation&quot;:&quot;fadeInUpSmall&quot;,&quot;_animation_delay&quot;:500}\" data-widget_type=\"mae-image-box.default\">\n\t\t\t\t<div class=\"elementor-widget-container\">\n\t\t\t        <div class=\"master-image-box\">\n            <div class=\"thumb-wrap\">\n                <div class=\"thumb\"><div class=\"inner\"><img decoding=\"async\" width=\"370\" height=\"287\" src=\"https:\/\/cleaningservicesgg.com\/wp-content\/uploads\/2024\/08\/Diseno-sin-titulo-2024-08-20T181855.757.png\" class=\"attachment-full size-full\" alt=\"\" srcset=\"https:\/\/cleaningservicesgg.com\/wp-content\/uploads\/2024\/08\/Diseno-sin-titulo-2024-08-20T181855.757.png 370w, https:\/\/cleaningservicesgg.com\/wp-content\/uploads\/2024\/08\/Diseno-sin-titulo-2024-08-20T181855.757-300x233.png 300w\" sizes=\"(max-width: 370px) 100vw, 370px\" \/><\/div><\/div>                <div class=\"icon-wrap\"><div class=\"master-icon\"><i class=\"lcs lcs-basket\"><\/i><\/div><\/div>            <\/div>\n\n            <div class=\"content-wrap\">\n                <h3 class=\"headline-2\">Limpieza Comercial<\/h3><div class=\"desc\"><p>Soluciones de limpieza profesionales para oficinas, espacios comerciales y empresas de todos los tama\u00f1os.<\/p><\/div>            <div class=\"url-wrap\">\n                <a class=\"master-button small btn-accent icon-right\" href=\"https:\/\/cleaningservicesgg.com\/es\/commercial-cleaning\/\" >\n                    <span class=\"inner\">\n                        <span class=\"content-base\">\n                                                        <span class=\"text\">Leer M\u00e1s Info<\/span>\n                            <span class=\"icon ci ci-right-arrow\"><\/span>                        <\/span>\n                    <\/span>\n\n                    <span class=\"bg-hover\"><\/span>                <\/a>\n            <\/div>\n\n                        <\/div>\n        <\/div>\n\n        \t\t<\/div>\n\t\t\t\t<\/div>\n\t\t\t\t\t<\/div>\n\t\t<\/div>\n\t\t\t\t<div class=\"elementor-column elementor-col-33 elementor-top-column elementor-element elementor-element-684bd2e\" data-id=\"684bd2e\" data-element_type=\"column\">\n\t\t\t<div class=\"elementor-widget-wrap elementor-element-populated\">\n\t\t\t\t\t\t<div class=\"elementor-element elementor-element-73ecc38 align-center button-full-width image-box-style-1 elementor-invisible elementor-widget elementor-widget-mae-image-box\" data-id=\"73ecc38\" data-element_type=\"widget\" data-settings=\"{&quot;_animation&quot;:&quot;fadeInUpSmall&quot;,&quot;_animation_delay&quot;:500}\" data-widget_type=\"mae-image-box.default\">\n\t\t\t\t<div class=\"elementor-widget-container\">\n\t\t\t        <div class=\"master-image-box\">\n            <div class=\"thumb-wrap\">\n                <div class=\"thumb\"><div class=\"inner\"><img decoding=\"async\" width=\"370\" height=\"287\" src=\"https:\/\/cleaningservicesgg.com\/wp-content\/uploads\/2024\/08\/Diseno-sin-titulo-2024-08-20T181941.041.png\" class=\"attachment-full size-full\" alt=\"\" srcset=\"https:\/\/cleaningservicesgg.com\/wp-content\/uploads\/2024\/08\/Diseno-sin-titulo-2024-08-20T181941.041.png 370w, https:\/\/cleaningservicesgg.com\/wp-content\/uploads\/2024\/08\/Diseno-sin-titulo-2024-08-20T181941.041-300x233.png 300w\" sizes=\"(max-width: 370px) 100vw, 370px\" \/><\/div><\/div>                <div class=\"icon-wrap\"><div class=\"master-icon\"><i class=\"lcs lcs-washing\"><\/i><\/div><\/div>            <\/div>\n\n            <div class=\"content-wrap\">\n                <h3 class=\"headline-2\">Limpieza para Mudanza<\/h3><div class=\"desc\"><p>Servicios de limpieza detallados para preparar su propiedad para nuevos inquilinos o propietarios.<\/p><\/div>            <div class=\"url-wrap\">\n                <a class=\"master-button small btn-accent icon-right\" href=\"https:\/\/cleaningservicesgg.com\/es\/move-in-move-out-cleaning\/\" >\n                    <span class=\"inner\">\n                        <span class=\"content-base\">\n                                                        <span class=\"text\">Leer M\u00e1s Info<\/span>\n                            <span class=\"icon ci ci-right-arrow\"><\/span>                        <\/span>\n                    <\/span>\n\n                    <span class=\"bg-hover\"><\/span>                <\/a>\n            <\/div>\n\n                        <\/div>\n        <\/div>\n\n        \t\t<\/div>\n\t\t\t\t<\/div>\n\t\t\t\t\t<\/div>\n\t\t<\/div>\n\t\t\t\t\t<\/div>\n\t\t<\/section>\n\t\t\t\t<section class=\"elementor-section elementor-top-section elementor-element elementor-element-fc56f84 elementor-section-boxed elementor-section-height-default elementor-section-height-default\" data-id=\"fc56f84\" data-element_type=\"section\">\n\t\t\t\t\t\t<div class=\"elementor-container elementor-column-gap-default\">\n\t\t\t\t\t<div class=\"elementor-column elementor-col-33 elementor-top-column elementor-element elementor-element-7834e65\" data-id=\"7834e65\" data-element_type=\"column\">\n\t\t\t<div class=\"elementor-widget-wrap elementor-element-populated\">\n\t\t\t\t\t\t<div class=\"elementor-element elementor-element-e0cf2cc align-center button-full-width image-box-style-1 elementor-invisible elementor-widget elementor-widget-mae-image-box\" data-id=\"e0cf2cc\" data-element_type=\"widget\" data-settings=\"{&quot;_animation&quot;:&quot;fadeInUpSmall&quot;,&quot;_animation_delay&quot;:350}\" data-widget_type=\"mae-image-box.default\">\n\t\t\t\t<div class=\"elementor-widget-container\">\n\t\t\t        <div class=\"master-image-box\">\n            <div class=\"thumb-wrap\">\n                <div class=\"thumb\"><div class=\"inner\"><img loading=\"lazy\" decoding=\"async\" width=\"370\" height=\"287\" src=\"https:\/\/cleaningservicesgg.com\/wp-content\/uploads\/2024\/08\/Diseno-sin-titulo-2024-08-20T182011.848.png\" class=\"attachment-full size-full\" alt=\"\" srcset=\"https:\/\/cleaningservicesgg.com\/wp-content\/uploads\/2024\/08\/Diseno-sin-titulo-2024-08-20T182011.848.png 370w, https:\/\/cleaningservicesgg.com\/wp-content\/uploads\/2024\/08\/Diseno-sin-titulo-2024-08-20T182011.848-300x233.png 300w\" sizes=\"(max-width: 370px) 100vw, 370px\" \/><\/div><\/div>                <div class=\"icon-wrap\"><div class=\"master-icon\"><i class=\"lcs lcs-machine\"><\/i><\/div><\/div>            <\/div>\n\n            <div class=\"content-wrap\">\n                <h3 class=\"headline-2\">Limpieza de Airbnb<\/h3><div class=\"desc\"><p>Limpieza eficiente y oportuna adaptada a alquileres vacacionales, garantizando una estancia impecable para sus hu\u00e9spedes.<\/p><\/div>            <div class=\"url-wrap\">\n                <a class=\"master-button small btn-accent icon-right\" href=\"https:\/\/cleaningservicesgg.com\/es\/airbnb-cleaning\/\" >\n                    <span class=\"inner\">\n                        <span class=\"content-base\">\n                                                        <span class=\"text\">Leer M\u00e1s Info<\/span>\n                            <span class=\"icon ci ci-right-arrow\"><\/span>                        <\/span>\n                    <\/span>\n\n                    <span class=\"bg-hover\"><\/span>                <\/a>\n            <\/div>\n\n                        <\/div>\n        <\/div>\n\n        \t\t<\/div>\n\t\t\t\t<\/div>\n\t\t\t\t\t<\/div>\n\t\t<\/div>\n\t\t\t\t<div class=\"elementor-column elementor-col-33 elementor-top-column elementor-element elementor-element-79393bc\" data-id=\"79393bc\" data-element_type=\"column\">\n\t\t\t<div class=\"elementor-widget-wrap elementor-element-populated\">\n\t\t\t\t\t\t<div class=\"elementor-element elementor-element-d2bb4a9 align-center button-full-width image-box-style-1 elementor-invisible elementor-widget elementor-widget-mae-image-box\" data-id=\"d2bb4a9\" data-element_type=\"widget\" data-settings=\"{&quot;_animation&quot;:&quot;fadeInUpSmall&quot;,&quot;_animation_delay&quot;:500}\" data-widget_type=\"mae-image-box.default\">\n\t\t\t\t<div class=\"elementor-widget-container\">\n\t\t\t        <div class=\"master-image-box\">\n            <div class=\"thumb-wrap\">\n                <div class=\"thumb\"><div class=\"inner\"><img loading=\"lazy\" decoding=\"async\" width=\"370\" height=\"287\" src=\"https:\/\/cleaningservicesgg.com\/wp-content\/uploads\/2024\/08\/Diseno-sin-titulo-2024-08-20T182106.819.png\" class=\"attachment-full size-full\" alt=\"\" srcset=\"https:\/\/cleaningservicesgg.com\/wp-content\/uploads\/2024\/08\/Diseno-sin-titulo-2024-08-20T182106.819.png 370w, https:\/\/cleaningservicesgg.com\/wp-content\/uploads\/2024\/08\/Diseno-sin-titulo-2024-08-20T182106.819-300x233.png 300w\" sizes=\"(max-width: 370px) 100vw, 370px\" \/><\/div><\/div>                <div class=\"icon-wrap\"><div class=\"master-icon\"><i class=\"lcs lcs-drying-2\"><\/i><\/div><\/div>            <\/div>\n\n            <div class=\"content-wrap\">\n                <h3 class=\"headline-2\">Organizador Profesional<\/h3><div class=\"desc\"><p>Servicios de ordenaci\u00f3n y organizaci\u00f3n para hacer su espacio m\u00e1s funcional y eficiente.<\/p><\/div>            <div class=\"url-wrap\">\n                <a class=\"master-button small btn-accent icon-right\" href=\"https:\/\/cleaningservicesgg.com\/es\/professional-organizing\/\" >\n                    <span class=\"inner\">\n                        <span class=\"content-base\">\n                                                        <span class=\"text\">Leer M\u00e1s Info<\/span>\n                            <span class=\"icon ci ci-right-arrow\"><\/span>                        <\/span>\n                    <\/span>\n\n                    <span class=\"bg-hover\"><\/span>                <\/a>\n            <\/div>\n\n                        <\/div>\n        <\/div>\n\n        \t\t<\/div>\n\t\t\t\t<\/div>\n\t\t\t\t\t<\/div>\n\t\t<\/div>\n\t\t\t\t<div class=\"elementor-column elementor-col-33 elementor-top-column elementor-element elementor-element-759989b\" data-id=\"759989b\" data-element_type=\"column\">\n\t\t\t<div class=\"elementor-widget-wrap elementor-element-populated\">\n\t\t\t\t\t\t<div class=\"elementor-element elementor-element-8d10345 align-center button-full-width image-box-style-1 elementor-invisible elementor-widget elementor-widget-mae-image-box\" data-id=\"8d10345\" data-element_type=\"widget\" data-settings=\"{&quot;_animation&quot;:&quot;fadeInUpSmall&quot;,&quot;_animation_delay&quot;:500}\" data-widget_type=\"mae-image-box.default\">\n\t\t\t\t<div class=\"elementor-widget-container\">\n\t\t\t        <div class=\"master-image-box\">\n            <div class=\"thumb-wrap\">\n                <div class=\"thumb\"><div class=\"inner\"><img loading=\"lazy\" decoding=\"async\" width=\"370\" height=\"287\" src=\"https:\/\/cleaningservicesgg.com\/wp-content\/uploads\/2024\/08\/Diseno-sin-titulo-2024-08-20T182142.063.png\" class=\"attachment-full size-full\" alt=\"\" srcset=\"https:\/\/cleaningservicesgg.com\/wp-content\/uploads\/2024\/08\/Diseno-sin-titulo-2024-08-20T182142.063.png 370w, https:\/\/cleaningservicesgg.com\/wp-content\/uploads\/2024\/08\/Diseno-sin-titulo-2024-08-20T182142.063-300x233.png 300w\" sizes=\"(max-width: 370px) 100vw, 370px\" \/><\/div><\/div>                <div class=\"icon-wrap\"><div class=\"master-icon\"><i class=\"lcs lcs-social-campaign\"><\/i><\/div><\/div>            <\/div>\n\n            <div class=\"content-wrap\">\n                <h3 class=\"headline-2\">Servicio de Mantenimiento<\/h3><div class=\"desc\"><p>Reparaciones y mantenimiento confiables para <br \/>mantener su propiedad en las <br \/>mejores condiciones.<\/p><\/div>            <div class=\"url-wrap\">\n                <a class=\"master-button small btn-accent icon-right\" href=\"https:\/\/cleaningservicesgg.com\/es\/handyman-services\/\" >\n                    <span class=\"inner\">\n                        <span class=\"content-base\">\n                                                        <span class=\"text\">Leer M\u00e1s Info<\/span>\n                            <span class=\"icon ci ci-right-arrow\"><\/span>                        <\/span>\n                    <\/span>\n\n                    <span class=\"bg-hover\"><\/span>                <\/a>\n            <\/div>\n\n                        <\/div>\n        <\/div>\n\n        \t\t<\/div>\n\t\t\t\t<\/div>\n\t\t\t\t\t<\/div>\n\t\t<\/div>\n\t\t\t\t\t<\/div>\n\t\t<\/section>\n\t\t\t\t<\/div>","protected":false},"excerpt":{"rendered":"<p>What We Offer Our Services Residential Cleaning Expert cleaning for homes, apartments, and condos to keep your space fresh and spotless. Read More Info Commercial Cleaning Professional cleaning solutions for offices, retail spaces, and businesses of all sizes. Read More Info Move-In &#038; Out Cleaning Detailed cleaning services to prepare<\/p>","protected":false},"author":2,"featured_media":0,"parent":0,"menu_order":0,"comment_status":"closed","ping_status":"closed","template":"","meta":{"inline_featured_image":false,"_joinchat":[],"footnotes":""},"class_list":["post-1634","page","type-page","status-publish","hentry"],"_links":{"self":[{"href":"https:\/\/cleaningservicesgg.com\/es\/wp-json\/wp\/v2\/pages\/1634","targetHints":{"allow":["GET"]}}],"collection":[{"href":"https:\/\/cleaningservicesgg.com\/es\/wp-json\/wp\/v2\/pages"}],"about":[{"href":"https:\/\/cleaningservicesgg.com\/es\/wp-json\/wp\/v2\/types\/page"}],"author":[{"embeddable":true,"href":"https:\/\/cleaningservicesgg.com\/es\/wp-json\/wp\/v2\/users\/2"}],"replies":[{"embeddable":true,"href":"https:\/\/cleaningservicesgg.com\/es\/wp-json\/wp\/v2\/comments?post=1634"}],"version-history":[{"count":7,"href":"https:\/\/cleaningservicesgg.com\/es\/wp-json\/wp\/v2\/pages\/1634\/revisions"}],"predecessor-version":[{"id":4122,"href":"https:\/\/cleaningservicesgg.com\/es\/wp-json\/wp\/v2\/pages\/1634\/revisions\/4122"}],"wp:attachment":[{"href":"https:\/\/cleaningservicesgg.com\/es\/wp-json\/wp\/v2\/media?parent=1634"}],"curies":[{"name":"wp","href":"https:\/\/api.w.org\/{rel}","templated":true}]}}