{"id":3890,"date":"2024-08-21T00:22:34","date_gmt":"2024-08-21T00:22:34","guid":{"rendered":"https:\/\/cleaningservicesgg.com\/?page_id=3890"},"modified":"2025-01-10T21:52:15","modified_gmt":"2025-01-11T02:52:15","slug":"commercial-cleaning","status":"publish","type":"page","link":"https:\/\/cleaningservicesgg.com\/es\/commercial-cleaning\/","title":{"rendered":"Limpieza Comercial"},"content":{"rendered":"<div data-elementor-type=\"wp-page\" data-elementor-id=\"3890\" class=\"elementor elementor-3890\">\n\t\t\t\t\t\t<section class=\"elementor-section elementor-top-section elementor-element elementor-element-e10a02e elementor-section-stretched elementor-section-boxed elementor-section-height-default elementor-section-height-default\" data-id=\"e10a02e\" data-element_type=\"section\" data-settings=\"{&quot;stretch_section&quot;:&quot;section-stretched&quot;}\">\n\t\t\t\t\t\t<div class=\"elementor-container elementor-column-gap-default\">\n\t\t\t\t\t<div class=\"elementor-column elementor-col-50 elementor-top-column elementor-element elementor-element-e3c892e\" data-id=\"e3c892e\" data-element_type=\"column\">\n\t\t\t<div class=\"elementor-widget-wrap elementor-element-populated\">\n\t\t\t\t\t\t<div class=\"elementor-element elementor-element-be0604a image-width-fit elementor-widget__width-initial elementor-invisible elementor-widget elementor-widget-mae-gallery-stack\" data-id=\"be0604a\" data-element_type=\"widget\" data-settings=\"{&quot;_animation&quot;:&quot;fadeInUpSmall&quot;,&quot;_animation_delay&quot;:350}\" data-widget_type=\"mae-gallery-stack.default\">\n\t\t\t\t<div class=\"elementor-widget-container\">\n\t\t\t\t\t<div class=\"master-gallery-stack\">\n\t\t\t<div class=\"master-fancy-image elementor-repeater-item-facf3a3\" data-top=\"0px\">\n\t\t\t\t\t\t\t\t\t\t<div class=\"image-wrap\"><img fetchpriority=\"high\" decoding=\"async\" width=\"280\" height=\"555\" src=\"https:\/\/cleaningservicesgg.com\/wp-content\/uploads\/2024\/08\/Sin-titulo-280-x-555-px-1.png\" class=\"attachment-full size-full\" alt=\"\" srcset=\"https:\/\/cleaningservicesgg.com\/wp-content\/uploads\/2024\/08\/Sin-titulo-280-x-555-px-1.png 280w, https:\/\/cleaningservicesgg.com\/wp-content\/uploads\/2024\/08\/Sin-titulo-280-x-555-px-1-151x300.png 151w\" sizes=\"(max-width: 280px) 100vw, 280px\" \/><\/div>\n\t\t\t\t\t\t\t\t\t<\/div>\t\t<\/div>\n\t    \t\t<\/div>\n\t\t\t\t<\/div>\n\t\t\t\t<div class=\"elementor-element elementor-element-afb2d38 image-width-fit elementor-widget__width-initial elementor-invisible elementor-widget elementor-widget-mae-gallery-stack\" data-id=\"afb2d38\" data-element_type=\"widget\" data-settings=\"{&quot;_animation&quot;:&quot;fadeInUpSmall&quot;,&quot;_animation_delay&quot;:500}\" data-widget_type=\"mae-gallery-stack.default\">\n\t\t\t\t<div class=\"elementor-widget-container\">\n\t\t\t\t\t<div class=\"master-gallery-stack\">\n\t\t\t<div class=\"master-fancy-image elementor-repeater-item-facf3a3\" data-top=\"0px\">\n\t\t\t\t\t\t\t\t\t\t<div class=\"image-wrap\"><img decoding=\"async\" width=\"280\" height=\"415\" src=\"https:\/\/cleaningservicesgg.com\/wp-content\/uploads\/2024\/08\/Diseno-sin-titulo-2024-08-20T192317.553.png\" class=\"attachment-full size-full\" alt=\"\" srcset=\"https:\/\/cleaningservicesgg.com\/wp-content\/uploads\/2024\/08\/Diseno-sin-titulo-2024-08-20T192317.553.png 280w, https:\/\/cleaningservicesgg.com\/wp-content\/uploads\/2024\/08\/Diseno-sin-titulo-2024-08-20T192317.553-202x300.png 202w\" sizes=\"(max-width: 280px) 100vw, 280px\" \/><\/div>\n\t\t\t\t\t\t\t\t\t<\/div><div class=\"master-shape elementor-repeater-item-93d564e\"><\/div>\t\t<\/div>\n\t    \t\t<\/div>\n\t\t\t\t<\/div>\n\t\t\t\t\t<\/div>\n\t\t<\/div>\n\t\t\t\t<div class=\"elementor-column elementor-col-50 elementor-top-column elementor-element elementor-element-e359973\" data-id=\"e359973\" data-element_type=\"column\">\n\t\t\t<div class=\"elementor-widget-wrap elementor-element-populated\">\n\t\t\t\t\t\t<div class=\"elementor-element elementor-element-12203c5 elementor-view-default elementor-widget elementor-widget-icon\" data-id=\"12203c5\" data-element_type=\"widget\" data-widget_type=\"icon.default\">\n\t\t\t\t<div class=\"elementor-widget-container\">\n\t\t\t\t\t<div class=\"elementor-icon-wrapper\">\n\t\t\t<div class=\"elementor-icon\">\n\t\t\t<svg xmlns=\"http:\/\/www.w3.org\/2000\/svg\" xmlns:xlink=\"http:\/\/www.w3.org\/1999\/xlink\" x=\"0px\" y=\"0px\" viewbox=\"0 0 285 285\" style=\"enable-background:new 0 0 285 285;\" xml:space=\"preserve\"><path d=\"M189.8,171.6c0,4.1-3.4,7.5-7.5,7.5c-4.1,0-7.5-3.4-7.5-7.5c0-4.1,3.4-7.5,7.5-7.5C186.4,164.1,189.8,167.4,189.8,171.6 L189.8,171.6z M189.8,171.6\"><\/path><path d=\"M202.3,165.1c2.1,3.6,6.7,4.7,10.3,2.6c19.6-11.6,42.1-17.8,65-17.8c4.1,0,7.5-3.4,7.5-7.5s-3.4-7.5-7.5-7.5 C207.2,135,150,77.8,150,7.5c0-4.1-3.4-7.5-7.5-7.5c-4.1,0-7.5,3.4-7.5,7.5C135,77.8,77.8,135,7.5,135c-4.1,0-7.5,3.4-7.5,7.5 s3.4,7.5,7.5,7.5C77.8,150,135,207.2,135,277.5c0,4.1,3.4,7.5,7.5,7.5c4.1,0,7.5-3.4,7.5-7.5c0-22.9,6.1-45.4,17.8-65 c2.1-3.6,0.9-8.2-2.6-10.3c-3.6-2.1-8.2-0.9-10.3,2.6c-5.1,8.6-9.2,17.6-12.4,26.9c-14.2-41.9-47.4-75.1-89.3-89.3 c41.9-14.2,75.1-47.4,89.3-89.3c14.2,41.9,47.4,75.1,89.3,89.3c-9.4,3.2-18.4,7.3-26.9,12.4C201.3,157,200.1,161.6,202.3,165.1 L202.3,165.1z M202.3,165.1\"><\/path><\/svg>\t\t\t<\/div>\n\t\t<\/div>\n\t\t\t\t<\/div>\n\t\t\t\t<\/div>\n\t\t\t\t<div class=\"elementor-element elementor-element-a3f2700 heading-default elementor-widget elementor-widget-mae-headings\" data-id=\"a3f2700\" data-element_type=\"widget\" data-widget_type=\"mae-headings.default\">\n\t\t\t\t<div class=\"elementor-widget-container\">\n\t\t\t\t\t<div class=\"master-heading sep-none\">\n\t\t\t\t        \t        \t<div class=\"pre-heading\"><span class=\"line\"><span class=\"inner\"><\/span><\/span>Limpieza Comercial<\/div>\n\t        \n\t        \n\t        \t        <h2 class=\"main-heading\">Su negocio, siempre en su mejor momento<\/h2>\n\t        \n\t        \n\t        \t    <\/div>\n\t    \t\t<\/div>\n\t\t\t\t<\/div>\n\t\t\t\t<div class=\"elementor-element elementor-element-bf0f229 elementor-widget elementor-widget-text-editor\" data-id=\"bf0f229\" data-element_type=\"widget\" data-widget_type=\"text-editor.default\">\n\t\t\t\t<div class=\"elementor-widget-container\">\n\t\t\t\t\t\t\t<p>Un espacio de trabajo limpio es crucial para la productividad y para dejar una buena impresi\u00f3n a los clientes. Nuestros servicios de limpieza comercial est\u00e1n dise\u00f1ados para mantener impecables las oficinas, los espacios comerciales y otros entornos comerciales. Nos adaptamos a su horario para garantizar una interrupci\u00f3n m\u00ednima y al mismo tiempo ofrecer los m\u00e1ximos resultados.<\/p>\t\t\t\t\t\t<\/div>\n\t\t\t\t<\/div>\n\t\t\t\t<div class=\"elementor-element elementor-element-023ef7a icon-mt-2 elementor-icon-list--layout-traditional elementor-list-item-link-full_width elementor-widget elementor-widget-icon-list\" data-id=\"023ef7a\" data-element_type=\"widget\" data-widget_type=\"icon-list.default\">\n\t\t\t\t<div class=\"elementor-widget-container\">\n\t\t\t\t\t<ul class=\"elementor-icon-list-items\">\n\t\t\t\t\t\t\t<li class=\"elementor-icon-list-item\">\n\t\t\t\t\t\t\t\t\t\t\t<span class=\"elementor-icon-list-icon\">\n\t\t\t\t\t\t\t<i aria-hidden=\"true\" class=\"ci ci-check3\"><\/i>\t\t\t\t\t\t<\/span>\n\t\t\t\t\t\t\t\t\t\t<span class=\"elementor-icon-list-text\">Horarios de limpieza flexibles.<\/span>\n\t\t\t\t\t\t\t\t\t<\/li>\n\t\t\t\t\t\t\t\t<li class=\"elementor-icon-list-item\">\n\t\t\t\t\t\t\t\t\t\t\t<span class=\"elementor-icon-list-icon\">\n\t\t\t\t\t\t\t<i aria-hidden=\"true\" class=\"ci ci-check3\"><\/i>\t\t\t\t\t\t<\/span>\n\t\t\t\t\t\t\t\t\t\t<span class=\"elementor-icon-list-text\">Limpieza exhaustiva de zonas comunes.<\/span>\n\t\t\t\t\t\t\t\t\t<\/li>\n\t\t\t\t\t\t\t\t<li class=\"elementor-icon-list-item\">\n\t\t\t\t\t\t\t\t\t\t\t<span class=\"elementor-icon-list-icon\">\n\t\t\t\t\t\t\t<i aria-hidden=\"true\" class=\"ci ci-check3\"><\/i>\t\t\t\t\t\t<\/span>\n\t\t\t\t\t\t\t\t\t\t<span class=\"elementor-icon-list-text\">Planes a medida para diferentes negocios.<\/span>\n\t\t\t\t\t\t\t\t\t<\/li>\n\t\t\t\t\t\t<\/ul>\n\t\t\t\t<\/div>\n\t\t\t\t<\/div>\n\t\t\t\t<div class=\"elementor-element elementor-element-cda569f elementor-widget__width-auto elementor-widget elementor-widget-mae-button\" data-id=\"cda569f\" data-element_type=\"widget\" data-widget_type=\"mae-button.default\">\n\t\t\t\t<div class=\"elementor-widget-container\">\n\t\t\t\n        <a class=\"master-button btn-accent icon-right medium\" href=\"https:\/\/cleaningservicesgg.com\/es\/contact\/\" \n            >\n\n            <span class=\"inner\">\n                <span class=\"content-base\">\n                                        <span class=\"text\">Reserva Ahora<\/span>\n                    <span class=\"icon ci ci-right-arrow\"><\/span>                <\/span>\n            <\/span>\n\n            <span class=\"bg-hover\"><\/span>        <\/a>\n\n        \t\t<\/div>\n\t\t\t\t<\/div>\n\t\t\t\t<div class=\"elementor-element elementor-element-040b3d1 shaking elementor-widget__width-auto elementor-absolute elementor-widget elementor-widget-image\" data-id=\"040b3d1\" data-element_type=\"widget\" data-settings=\"{&quot;_position&quot;:&quot;absolute&quot;}\" data-widget_type=\"image.default\">\n\t\t\t\t<div class=\"elementor-widget-container\">\n\t\t\t\t\t\t\t\t\t\t\t\t\t<img decoding=\"async\" width=\"543\" height=\"612\" src=\"https:\/\/cleaningservicesgg.com\/wp-content\/uploads\/2022\/02\/about-shape.png\" class=\"attachment-large size-large wp-image-2912\" alt=\"\" srcset=\"https:\/\/cleaningservicesgg.com\/wp-content\/uploads\/2022\/02\/about-shape.png 543w, https:\/\/cleaningservicesgg.com\/wp-content\/uploads\/2022\/02\/about-shape-266x300.png 266w\" sizes=\"(max-width: 543px) 100vw, 543px\" \/>\t\t\t\t\t\t\t\t\t\t\t\t\t<\/div>\n\t\t\t\t<\/div>\n\t\t\t\t<div class=\"elementor-element elementor-element-8727933 bounce-y elementor-widget__width-auto elementor-absolute elementor-widget elementor-widget-image\" data-id=\"8727933\" data-element_type=\"widget\" data-settings=\"{&quot;_position&quot;:&quot;absolute&quot;}\" data-widget_type=\"image.default\">\n\t\t\t\t<div class=\"elementor-widget-container\">\n\t\t\t\t\t\t\t\t\t\t\t\t\t<img loading=\"lazy\" decoding=\"async\" width=\"172\" height=\"346\" src=\"https:\/\/cleaningservicesgg.com\/wp-content\/uploads\/2022\/02\/about-dots.png\" class=\"attachment-large size-large wp-image-2898\" alt=\"\" srcset=\"https:\/\/cleaningservicesgg.com\/wp-content\/uploads\/2022\/02\/about-dots.png 172w, https:\/\/cleaningservicesgg.com\/wp-content\/uploads\/2022\/02\/about-dots-149x300.png 149w\" sizes=\"(max-width: 172px) 100vw, 172px\" \/>\t\t\t\t\t\t\t\t\t\t\t\t\t<\/div>\n\t\t\t\t<\/div>\n\t\t\t\t\t<\/div>\n\t\t<\/div>\n\t\t\t\t\t<\/div>\n\t\t<\/section>\n\t\t\t\t<section class=\"elementor-section elementor-top-section elementor-element elementor-element-689cc9e elementor-section-stretched bg-slide elementor-section-boxed elementor-section-height-default elementor-section-height-default\" data-id=\"689cc9e\" data-element_type=\"section\" data-settings=\"{&quot;stretch_section&quot;:&quot;section-stretched&quot;,&quot;background_background&quot;:&quot;classic&quot;}\">\n\t\t\t\t\t\t<div class=\"elementor-container elementor-column-gap-default\">\n\t\t\t\t\t<div class=\"elementor-column elementor-col-33 elementor-top-column elementor-element elementor-element-d43672e\" data-id=\"d43672e\" data-element_type=\"column\">\n\t\t\t<div class=\"elementor-widget-wrap elementor-element-populated\">\n\t\t\t\t\t\t<div class=\"elementor-element elementor-element-70a70b9 elementor-hidden-tablet elementor-hidden-mobile elementor-invisible elementor-widget elementor-widget-image\" data-id=\"70a70b9\" data-element_type=\"widget\" data-settings=\"{&quot;_animation&quot;:&quot;slideInLeft&quot;}\" data-widget_type=\"image.default\">\n\t\t\t\t<div class=\"elementor-widget-container\">\n\t\t\t\t\t\t\t\t\t\t\t\t\t<img loading=\"lazy\" decoding=\"async\" width=\"460\" height=\"252\" src=\"https:\/\/cleaningservicesgg.com\/wp-content\/uploads\/2024\/08\/Diseno-sin-titulo-2024-08-20T184139.401.png\" class=\"attachment-large size-large wp-image-3799\" alt=\"\" srcset=\"https:\/\/cleaningservicesgg.com\/wp-content\/uploads\/2024\/08\/Diseno-sin-titulo-2024-08-20T184139.401.png 460w, https:\/\/cleaningservicesgg.com\/wp-content\/uploads\/2024\/08\/Diseno-sin-titulo-2024-08-20T184139.401-300x164.png 300w\" sizes=\"(max-width: 460px) 100vw, 460px\" \/>\t\t\t\t\t\t\t\t\t\t\t\t\t<\/div>\n\t\t\t\t<\/div>\n\t\t\t\t\t<\/div>\n\t\t<\/div>\n\t\t\t\t<div class=\"elementor-column elementor-col-33 elementor-top-column elementor-element elementor-element-e7a9708\" data-id=\"e7a9708\" data-element_type=\"column\">\n\t\t\t<div class=\"elementor-widget-wrap elementor-element-populated\">\n\t\t\t\t\t\t<div class=\"elementor-element elementor-element-759583c align--tabletcenter heading-style-1 elementor-invisible elementor-widget elementor-widget-mae-headings\" data-id=\"759583c\" data-element_type=\"widget\" data-settings=\"{&quot;_animation&quot;:&quot;fadeInUpSmall&quot;,&quot;_animation_delay&quot;:350}\" data-widget_type=\"mae-headings.default\">\n\t\t\t\t<div class=\"elementor-widget-container\">\n\t\t\t\t\t<div class=\"master-heading sep-none\">\n\t\t\t\t        \n\t        \n\t        \t        <h2 class=\"main-heading\">\u00a1Mant\u00e9n tu negocio brillando! <\/h2>\n\t        \n\t        \n\t        \t            <div class=\"sub-heading\">(954) 600-0500<\/div>\n\t        \t    <\/div>\n\t    \t\t<\/div>\n\t\t\t\t<\/div>\n\t\t\t\t\t<\/div>\n\t\t<\/div>\n\t\t\t\t<div class=\"elementor-column elementor-col-33 elementor-top-column elementor-element elementor-element-e334f2e\" data-id=\"e334f2e\" data-element_type=\"column\">\n\t\t\t<div class=\"elementor-widget-wrap elementor-element-populated\">\n\t\t\t\t\t\t<div class=\"elementor-element elementor-element-9226cc0 align-right align--tabletcenter elementor-invisible elementor-widget elementor-widget-mae-button\" data-id=\"9226cc0\" data-element_type=\"widget\" data-settings=\"{&quot;_animation&quot;:&quot;fadeInUpSmall&quot;,&quot;_animation_delay&quot;:350}\" data-widget_type=\"mae-button.default\">\n\t\t\t\t<div class=\"elementor-widget-container\">\n\t\t\t\n        <a class=\"master-button btn-accent icon-right medium\" href=\"https:\/\/cleaningservicesgg.com\/es\/contact\/\" \n            >\n\n            <span class=\"inner\">\n                <span class=\"content-base\">\n                                        <span class=\"text\">Empecemos<\/span>\n                    <span class=\"icon ci ci-right-arrow\"><\/span>                <\/span>\n            <\/span>\n\n            <span class=\"bg-hover\"><\/span>        <\/a>\n\n        \t\t<\/div>\n\t\t\t\t<\/div>\n\t\t\t\t\t<\/div>\n\t\t<\/div>\n\t\t\t\t\t<\/div>\n\t\t<\/section>\n\t\t\t\t<\/div>","protected":false},"excerpt":{"rendered":"<p>Commercial Cleaning Your Business, Always at Its Best A clean workspace is crucial for productivity and leaving a great impression on clients. Our commercial cleaning services are designed to keep offices, retail spaces, and other business environments pristine. We work around your schedule to ensure minimal disruption while delivering maximum<\/p>","protected":false},"author":2,"featured_media":0,"parent":0,"menu_order":0,"comment_status":"closed","ping_status":"closed","template":"","meta":{"inline_featured_image":false,"_joinchat":[],"footnotes":""},"class_list":["post-3890","page","type-page","status-publish","hentry"],"_links":{"self":[{"href":"https:\/\/cleaningservicesgg.com\/es\/wp-json\/wp\/v2\/pages\/3890","targetHints":{"allow":["GET"]}}],"collection":[{"href":"https:\/\/cleaningservicesgg.com\/es\/wp-json\/wp\/v2\/pages"}],"about":[{"href":"https:\/\/cleaningservicesgg.com\/es\/wp-json\/wp\/v2\/types\/page"}],"author":[{"embeddable":true,"href":"https:\/\/cleaningservicesgg.com\/es\/wp-json\/wp\/v2\/users\/2"}],"replies":[{"embeddable":true,"href":"https:\/\/cleaningservicesgg.com\/es\/wp-json\/wp\/v2\/comments?post=3890"}],"version-history":[{"count":10,"href":"https:\/\/cleaningservicesgg.com\/es\/wp-json\/wp\/v2\/pages\/3890\/revisions"}],"predecessor-version":[{"id":4214,"href":"https:\/\/cleaningservicesgg.com\/es\/wp-json\/wp\/v2\/pages\/3890\/revisions\/4214"}],"wp:attachment":[{"href":"https:\/\/cleaningservicesgg.com\/es\/wp-json\/wp\/v2\/media?parent=3890"}],"curies":[{"name":"wp","href":"https:\/\/api.w.org\/{rel}","templated":true}]}}